{"id":150,"date":"2023-02-25T16:26:59","date_gmt":"2023-02-25T16:26:59","guid":{"rendered":"https:\/\/animotoubo.fr\/?page_id=150"},"modified":"2024-04-24T13:04:27","modified_gmt":"2024-04-24T13:04:27","slug":"a-propos","status":"publish","type":"page","link":"https:\/\/animotoubo.fr\/index.php\/a-propos\/","title":{"rendered":"A propos"},"content":{"rendered":"\n\n\t<section class=\"section\" id=\"section_1452771498\">\n\t\t<div class=\"section-bg fill\" >\n\t\t\t\t\t\t\t\t\t\n\t\t\t\n\n\t\t<\/div>\n\n\t\t\n\n\t\t<div class=\"section-content relative\">\n\t\t\t\n\n\t<div id=\"gap-814486418\" class=\"gap-element clearfix\" style=\"display:block; height:auto;\">\n\t\t\n<style>\n#gap-814486418 {\n  padding-top: 30px;\n}\n<\/style>\n\t<\/div>\n\t\n\n<div class=\"row align-middle align-center\"  id=\"row-1063211943\">\n\n\n\t<div id=\"col-1365143238\" class=\"col medium-12 small-12 large-6\"  >\n\t\t\t\t<div class=\"col-inner\"  >\n\t\t\t\n\t\t\t\n\n\t<div id=\"text-2782498582\" class=\"text\">\n\t\t\n\n<h2>Qui suis-je ?\u00a0<\/h2>\n\t\t\n<style>\n#text-2782498582 {\n  font-size: 1.3rem;\n}\n<\/style>\n\t<\/div>\n\t\n<p>Je m\u2019appelle St\u00e9phanie, j&rsquo;ai 40 ans et je suis toiletteuse canin. Passionn\u00e9e et soucieuse du bien \u00eatre des animaux, votre chien sera avec moi entre de bonne main du plus petit au plus grand et du poils courts au poils longs, je leur donne une apparence valorisante !<\/p>\n<a href=\"https:\/\/animotoubo.fr\/index.php\/contact\/\" class=\"button secondary\" style=\"border-radius:5px;\">\n\t\t<span>Prendre RDV<\/span>\n\t<\/a>\n\n\n\n\t\t<\/div>\n\t\t\t\t\n<style>\n#col-1365143238 > .col-inner {\n  padding: 0px 0 0px 0px;\n}\n@media (min-width:550px) {\n  #col-1365143238 > .col-inner {\n    padding: 0px 10% 0px 0px;\n  }\n}\n@media (min-width:850px) {\n  #col-1365143238 > .col-inner {\n    padding: 0px 0px 0px 15%;\n  }\n}\n<\/style>\n\t<\/div>\n\n\t\n\n\t<div id=\"col-899657003\" class=\"col medium-12 small-12 large-6\"  >\n\t\t\t\t<div class=\"col-inner\"  >\n\t\t\t\n\t\t\t\n\n<div class=\"row\"  id=\"row-611420566\">\n\n\n\t<div id=\"col-862542208\" class=\"col medium-6 small-12 large-7\"  >\n\t\t\t\t<div class=\"col-inner\"  >\n\t\t\t\n\t\t\t\n\n\n  <div class=\"banner has-hover\" id=\"banner-1969326059\">\n          <div class=\"banner-inner fill\">\n        <div class=\"banner-bg fill\" >\n            <img loading=\"lazy\" decoding=\"async\" width=\"683\" height=\"1024\" src=\"https:\/\/animotoubo.fr\/wp-content\/uploads\/2023\/02\/tir-vertical-yorkshire-terrier-blanc-dans-parc-pendant-journee-683x1024.jpg\" class=\"bg attachment-large size-large\" alt=\"\" \/>                                    \n                    <\/div>\n\t\t\n        <div class=\"banner-layers container\">\n            <div class=\"fill banner-link\"><\/div>            \n\n   <div id=\"text-box-1764537680\" class=\"text-box banner-layer x50 md-x50 lg-x50 y50 md-y50 lg-y50 res-text\">\n                                <div class=\"text-box-content text dark\">\n              \n              <div class=\"text-inner text-center\">\n                  \n\n\n              <\/div>\n           <\/div>\n                            \n<style>\n#text-box-1764537680 {\n  width: 60%;\n}\n#text-box-1764537680 .text-box-content {\n  font-size: 100%;\n}\n@media (min-width:550px) {\n  #text-box-1764537680 {\n    width: 60%;\n  }\n}\n<\/style>\n    <\/div>\n \n\n        <\/div>\n      <\/div>\n\n            \n<style>\n#banner-1969326059 {\n  padding-top: 99.99%;\n  background-color: rgba(0, 0, 0, 0);\n}\n@media (min-width:550px) {\n  #banner-1969326059 {\n    padding-top: 150%;\n  }\n}\n@media (min-width:850px) {\n  #banner-1969326059 {\n    padding-top: 117%;\n  }\n}\n<\/style>\n  <\/div>\n\n\n\n\t\t<\/div>\n\t\t\t\t\t<\/div>\n\n\t\n\n\t<div id=\"col-1338319643\" class=\"col medium-6 small-12 large-5\"  >\n\t\t\t\t<div class=\"col-inner\"  >\n\t\t\t\n\t\t\t\n\n\n  <div class=\"banner has-hover\" id=\"banner-1772693178\">\n          <div class=\"banner-inner fill\">\n        <div class=\"banner-bg fill\" >\n            <img loading=\"lazy\" decoding=\"async\" width=\"1020\" height=\"680\" src=\"https:\/\/animotoubo.fr\/wp-content\/uploads\/2023\/02\/adorable-chien-basenji-brun-blanc-souriant-donnant-haut-cinq-isole-blanc-1024x683.jpg\" class=\"bg attachment-large size-large\" alt=\"\" \/>                                    \n                    <\/div>\n\t\t\n        <div class=\"banner-layers container\">\n            <div class=\"fill banner-link\"><\/div>            \n\n   <div id=\"text-box-340795586\" class=\"text-box banner-layer x50 md-x50 lg-x50 y50 md-y50 lg-y50 res-text\">\n                                <div class=\"text-box-content text dark\">\n              \n              <div class=\"text-inner text-center\">\n                  \n\n\n              <\/div>\n           <\/div>\n                            \n<style>\n#text-box-340795586 {\n  width: 60%;\n}\n#text-box-340795586 .text-box-content {\n  font-size: 100%;\n}\n@media (min-width:550px) {\n  #text-box-340795586 {\n    width: 60%;\n  }\n}\n<\/style>\n    <\/div>\n \n\n        <\/div>\n      <\/div>\n\n            \n<style>\n#banner-1772693178 {\n  padding-top: 60%;\n  background-color: rgba(0, 0, 0, 0);\n}\n@media (min-width:550px) {\n  #banner-1772693178 {\n    padding-top: 76%;\n  }\n}\n@media (min-width:850px) {\n  #banner-1772693178 {\n    padding-top: 87%;\n  }\n}\n<\/style>\n  <\/div>\n\n\n\n\t\t<\/div>\n\t\t\t\t\t<\/div>\n\n\t\n\n<\/div>\n<div class=\"row align-right\"  id=\"row-2033651056\">\n\n\n\t<div id=\"col-95024404\" class=\"col medium-7 small-12 large-7\"  >\n\t\t\t\t<div class=\"col-inner\"  >\n\t\t\t\n\t\t\t\n\n\n  <div class=\"banner has-hover\" id=\"banner-1435934367\">\n          <div class=\"banner-inner fill\">\n        <div class=\"banner-bg fill\" >\n            <img loading=\"lazy\" decoding=\"async\" width=\"1020\" height=\"680\" src=\"https:\/\/animotoubo.fr\/wp-content\/uploads\/2023\/02\/adorable-petit-chiot-blanc-1024x683.jpg\" class=\"bg attachment-large size-large\" alt=\"\" \/>                                    \n                    <\/div>\n\t\t\n        <div class=\"banner-layers container\">\n            <div class=\"fill banner-link\"><\/div>            \n\n   <div id=\"text-box-773517172\" class=\"text-box banner-layer x50 md-x50 lg-x50 y50 md-y50 lg-y50 res-text\">\n                                <div class=\"text-box-content text dark\">\n              \n              <div class=\"text-inner text-center\">\n                  \n\n\n              <\/div>\n           <\/div>\n                            \n<style>\n#text-box-773517172 {\n  width: 60%;\n}\n#text-box-773517172 .text-box-content {\n  font-size: 100%;\n}\n@media (min-width:550px) {\n  #text-box-773517172 {\n    width: 60%;\n  }\n}\n<\/style>\n    <\/div>\n \n\n        <\/div>\n      <\/div>\n\n            \n<style>\n#banner-1435934367 {\n  padding-top: 60%;\n  background-color: rgba(0, 0, 0, 0);\n}\n@media (min-width:550px) {\n  #banner-1435934367 {\n    padding-top: 75%;\n  }\n}\n<\/style>\n  <\/div>\n\n\n\n\t\t<\/div>\n\t\t\t\t\n<style>\n#col-95024404 > .col-inner {\n  margin: 0 0px 0px 0px;\n}\n@media (min-width:550px) {\n  #col-95024404 > .col-inner {\n    margin: -290px 0px 0px 0px;\n  }\n}\n@media (min-width:850px) {\n  #col-95024404 > .col-inner {\n    margin: -165px 0px 0px 0px;\n  }\n}\n<\/style>\n\t<\/div>\n\n\t\n\n<\/div>\n\n\t\t<\/div>\n\t\t\t\t\t<\/div>\n\n\t\n\n<\/div>\n<div class=\"row\"  id=\"row-1944386712\">\n\n\n\t<div id=\"col-956945100\" class=\"col medium-6 small-12 large-6\"  >\n\t\t\t\t<div class=\"col-inner\"  >\n\t\t\t\n\t\t\t\n\n\n  <div class=\"banner has-hover\" id=\"banner-897423271\">\n          <div class=\"banner-inner fill\">\n        <div class=\"banner-bg fill\" >\n                                                \n                    <\/div>\n\t\t\n        <div class=\"banner-layers container\">\n            <div class=\"fill banner-link\"><\/div>            \n\n   <div id=\"text-box-1200794498\" class=\"text-box banner-layer x50 md-x50 lg-x50 y50 md-y50 lg-y50 res-text\">\n                                <div class=\"text-box-content text dark\">\n              \n              <div class=\"text-inner text-center\">\n                  \n\n<h2>Pourquoi choisir animotoubo\u00a0?<\/h2>\n\n              <\/div>\n           <\/div>\n                            \n<style>\n#text-box-1200794498 {\n  width: 60%;\n}\n#text-box-1200794498 .text-box-content {\n  font-size: 100%;\n}\n<\/style>\n    <\/div>\n \n\n        <\/div>\n      <\/div>\n\n            \n<style>\n#banner-897423271 {\n  padding-top: 259px;\n  background-color: #fabd6b;\n}\n@media (min-width:550px) {\n  #banner-897423271 {\n    padding-top: 228px;\n  }\n}\n@media (min-width:850px) {\n  #banner-897423271 {\n    padding-top: 182px;\n  }\n}\n<\/style>\n  <\/div>\n\n\n\n\t\t<\/div>\n\t\t\t\t\t<\/div>\n\n\t\n\n\t<div id=\"col-1485352243\" class=\"col medium-6 small-12 large-6\"  >\n\t\t\t\t<div class=\"col-inner\"  >\n\t\t\t\n\t\t\t\n\n<p>Chez Animo Toubo, le bien-\u00eatre de votre animal est ma priorit\u00e9 absolue. J&rsquo;utilise des produits de qualit\u00e9 sup\u00e9rieure, adapt\u00e9s \u00e0 chaque type de peau et de pelage, pour garantir un toilettage doux et efficace. De plus, je suis form\u00e9e pour cr\u00e9er un environnement calme et rassurant, afin que m\u00eame les animaux les plus timides se sentent \u00e0 l&rsquo;aise et en confiance.<\/p>\n\n\t\t<\/div>\n\t\t\t\t\t<\/div>\n\n\t\n\n<\/div>\n\n\t\t<\/div>\n\n\t\t\n<style>\n#section_1452771498 {\n  padding-top: 30px;\n  padding-bottom: 30px;\n}\n<\/style>\n\t<\/section>\n\t\n\n","protected":false},"excerpt":{"rendered":"","protected":false},"author":1,"featured_media":0,"parent":0,"menu_order":0,"comment_status":"closed","ping_status":"closed","template":"","meta":{"footnotes":""},"class_list":["post-150","page","type-page","status-publish","hentry"],"yoast_head":"<!-- This site is optimized with the Yoast SEO plugin v25.9 - https:\/\/yoast.com\/wordpress\/plugins\/seo\/ -->\n<title>A propos - Animo Toubo<\/title>\n<meta name=\"robots\" content=\"index, follow, max-snippet:-1, max-image-preview:large, max-video-preview:-1\" \/>\n<link rel=\"canonical\" href=\"https:\/\/animotoubo.fr\/index.php\/a-propos\/\" \/>\n<meta property=\"og:locale\" content=\"fr_FR\" \/>\n<meta property=\"og:type\" content=\"article\" \/>\n<meta property=\"og:title\" content=\"A propos - Animo Toubo\" \/>\n<meta property=\"og:url\" content=\"https:\/\/animotoubo.fr\/index.php\/a-propos\/\" \/>\n<meta property=\"og:site_name\" content=\"Animo Toubo\" \/>\n<meta property=\"article:publisher\" content=\"https:\/\/www.facebook.com\/profile.php?id=100089803214746\" \/>\n<meta property=\"article:modified_time\" content=\"2024-04-24T13:04:27+00:00\" \/>\n<meta name=\"twitter:card\" content=\"summary_large_image\" \/>\n<meta name=\"twitter:label1\" content=\"Dur\u00e9e de lecture estim\u00e9e\" \/>\n\t<meta name=\"twitter:data1\" content=\"1 minute\" \/>\n<script type=\"application\/ld+json\" class=\"yoast-schema-graph\">{\"@context\":\"https:\/\/schema.org\",\"@graph\":[{\"@type\":\"WebPage\",\"@id\":\"https:\/\/animotoubo.fr\/index.php\/a-propos\/\",\"url\":\"https:\/\/animotoubo.fr\/index.php\/a-propos\/\",\"name\":\"A propos - Animo Toubo\",\"isPartOf\":{\"@id\":\"https:\/\/animotoubo.fr\/#website\"},\"datePublished\":\"2023-02-25T16:26:59+00:00\",\"dateModified\":\"2024-04-24T13:04:27+00:00\",\"breadcrumb\":{\"@id\":\"https:\/\/animotoubo.fr\/index.php\/a-propos\/#breadcrumb\"},\"inLanguage\":\"fr-FR\",\"potentialAction\":[{\"@type\":\"ReadAction\",\"target\":[\"https:\/\/animotoubo.fr\/index.php\/a-propos\/\"]}]},{\"@type\":\"BreadcrumbList\",\"@id\":\"https:\/\/animotoubo.fr\/index.php\/a-propos\/#breadcrumb\",\"itemListElement\":[{\"@type\":\"ListItem\",\"position\":1,\"name\":\"Accueil\",\"item\":\"https:\/\/animotoubo.fr\/\"},{\"@type\":\"ListItem\",\"position\":2,\"name\":\"A propos\"}]},{\"@type\":\"WebSite\",\"@id\":\"https:\/\/animotoubo.fr\/#website\",\"url\":\"https:\/\/animotoubo.fr\/\",\"name\":\"Animo Toubo\",\"description\":\"Toilettage Canin\",\"publisher\":{\"@id\":\"https:\/\/animotoubo.fr\/#organization\"},\"potentialAction\":[{\"@type\":\"SearchAction\",\"target\":{\"@type\":\"EntryPoint\",\"urlTemplate\":\"https:\/\/animotoubo.fr\/?s={search_term_string}\"},\"query-input\":{\"@type\":\"PropertyValueSpecification\",\"valueRequired\":true,\"valueName\":\"search_term_string\"}}],\"inLanguage\":\"fr-FR\"},{\"@type\":\"Organization\",\"@id\":\"https:\/\/animotoubo.fr\/#organization\",\"name\":\"Animo Toubo\",\"url\":\"https:\/\/animotoubo.fr\/\",\"logo\":{\"@type\":\"ImageObject\",\"inLanguage\":\"fr-FR\",\"@id\":\"https:\/\/animotoubo.fr\/#\/schema\/logo\/image\/\",\"url\":\"http:\/\/animotoubo.fr\/wp-content\/uploads\/2023\/02\/Plan-de-travail-1.png\",\"contentUrl\":\"http:\/\/animotoubo.fr\/wp-content\/uploads\/2023\/02\/Plan-de-travail-1.png\",\"width\":596,\"height\":592,\"caption\":\"Animo Toubo\"},\"image\":{\"@id\":\"https:\/\/animotoubo.fr\/#\/schema\/logo\/image\/\"},\"sameAs\":[\"https:\/\/www.facebook.com\/profile.php?id=100089803214746\"]}]}<\/script>\n<!-- \/ Yoast SEO plugin. -->","yoast_head_json":{"title":"A propos - Animo Toubo","robots":{"index":"index","follow":"follow","max-snippet":"max-snippet:-1","max-image-preview":"max-image-preview:large","max-video-preview":"max-video-preview:-1"},"canonical":"https:\/\/animotoubo.fr\/index.php\/a-propos\/","og_locale":"fr_FR","og_type":"article","og_title":"A propos - Animo Toubo","og_url":"https:\/\/animotoubo.fr\/index.php\/a-propos\/","og_site_name":"Animo Toubo","article_publisher":"https:\/\/www.facebook.com\/profile.php?id=100089803214746","article_modified_time":"2024-04-24T13:04:27+00:00","twitter_card":"summary_large_image","twitter_misc":{"Dur\u00e9e de lecture estim\u00e9e":"1 minute"},"schema":{"@context":"https:\/\/schema.org","@graph":[{"@type":"WebPage","@id":"https:\/\/animotoubo.fr\/index.php\/a-propos\/","url":"https:\/\/animotoubo.fr\/index.php\/a-propos\/","name":"A propos - Animo Toubo","isPartOf":{"@id":"https:\/\/animotoubo.fr\/#website"},"datePublished":"2023-02-25T16:26:59+00:00","dateModified":"2024-04-24T13:04:27+00:00","breadcrumb":{"@id":"https:\/\/animotoubo.fr\/index.php\/a-propos\/#breadcrumb"},"inLanguage":"fr-FR","potentialAction":[{"@type":"ReadAction","target":["https:\/\/animotoubo.fr\/index.php\/a-propos\/"]}]},{"@type":"BreadcrumbList","@id":"https:\/\/animotoubo.fr\/index.php\/a-propos\/#breadcrumb","itemListElement":[{"@type":"ListItem","position":1,"name":"Accueil","item":"https:\/\/animotoubo.fr\/"},{"@type":"ListItem","position":2,"name":"A propos"}]},{"@type":"WebSite","@id":"https:\/\/animotoubo.fr\/#website","url":"https:\/\/animotoubo.fr\/","name":"Animo Toubo","description":"Toilettage Canin","publisher":{"@id":"https:\/\/animotoubo.fr\/#organization"},"potentialAction":[{"@type":"SearchAction","target":{"@type":"EntryPoint","urlTemplate":"https:\/\/animotoubo.fr\/?s={search_term_string}"},"query-input":{"@type":"PropertyValueSpecification","valueRequired":true,"valueName":"search_term_string"}}],"inLanguage":"fr-FR"},{"@type":"Organization","@id":"https:\/\/animotoubo.fr\/#organization","name":"Animo Toubo","url":"https:\/\/animotoubo.fr\/","logo":{"@type":"ImageObject","inLanguage":"fr-FR","@id":"https:\/\/animotoubo.fr\/#\/schema\/logo\/image\/","url":"http:\/\/animotoubo.fr\/wp-content\/uploads\/2023\/02\/Plan-de-travail-1.png","contentUrl":"http:\/\/animotoubo.fr\/wp-content\/uploads\/2023\/02\/Plan-de-travail-1.png","width":596,"height":592,"caption":"Animo Toubo"},"image":{"@id":"https:\/\/animotoubo.fr\/#\/schema\/logo\/image\/"},"sameAs":["https:\/\/www.facebook.com\/profile.php?id=100089803214746"]}]}},"_links":{"self":[{"href":"https:\/\/animotoubo.fr\/index.php\/wp-json\/wp\/v2\/pages\/150","targetHints":{"allow":["GET"]}}],"collection":[{"href":"https:\/\/animotoubo.fr\/index.php\/wp-json\/wp\/v2\/pages"}],"about":[{"href":"https:\/\/animotoubo.fr\/index.php\/wp-json\/wp\/v2\/types\/page"}],"author":[{"embeddable":true,"href":"https:\/\/animotoubo.fr\/index.php\/wp-json\/wp\/v2\/users\/1"}],"replies":[{"embeddable":true,"href":"https:\/\/animotoubo.fr\/index.php\/wp-json\/wp\/v2\/comments?post=150"}],"version-history":[{"count":10,"href":"https:\/\/animotoubo.fr\/index.php\/wp-json\/wp\/v2\/pages\/150\/revisions"}],"predecessor-version":[{"id":225,"href":"https:\/\/animotoubo.fr\/index.php\/wp-json\/wp\/v2\/pages\/150\/revisions\/225"}],"wp:attachment":[{"href":"https:\/\/animotoubo.fr\/index.php\/wp-json\/wp\/v2\/media?parent=150"}],"curies":[{"name":"wp","href":"https:\/\/api.w.org\/{rel}","templated":true}]}}