{"id":45,"date":"2023-02-23T15:24:06","date_gmt":"2023-02-23T15:24:06","guid":{"rendered":"https:\/\/animotoubo.fr\/?page_id=45"},"modified":"2025-09-12T08:17:04","modified_gmt":"2025-09-12T08:17:04","slug":"contact","status":"publish","type":"page","link":"https:\/\/animotoubo.fr\/index.php\/contact\/","title":{"rendered":"Contact"},"content":{"rendered":"\n\n\t<section class=\"section\" id=\"section_976299904\">\n\t\t<div class=\"section-bg fill\" >\n\t\t\t\t\t\t\t\t\t\n\t\t\t\n\n\t\t<\/div>\n\n\t\t\n\n\t\t<div class=\"section-content relative\">\n\t\t\t\n\n\t<div id=\"gap-1305865196\" class=\"gap-element clearfix\" style=\"display:block; height:auto;\">\n\t\t\n<style>\n#gap-1305865196 {\n  padding-top: 69px;\n}\n<\/style>\n\t<\/div>\n\t\n\n\n\t\t<\/div>\n\n\t\t\n<style>\n#section_976299904 {\n  padding-top: 0px;\n  padding-bottom: 0px;\n}\n<\/style>\n\t<\/section>\n\t\n\n\t<section class=\"section\" id=\"section_1029245457\">\n\t\t<div class=\"section-bg fill\" >\n\t\t\t\t\t\t\t\t\t\n\t\t\t\n\n\t\t<\/div>\n\n\t\t\n\n\t\t<div class=\"section-content relative\">\n\t\t\t\n\n<div class=\"row align-center\"  id=\"row-1152976733\">\n\n\n\t<div id=\"col-760686933\" class=\"col medium-5 small-11 large-5\"  >\n\t\t\t\t<div class=\"col-inner text-center\"  >\n\t\t\t\n\t\t\t\n\n\t<div id=\"text-3882971968\" class=\"text\">\n\t\t\n\n<h2 style=\"font-size: 200%;\">Restons en contact<\/h2>\n<p>Pour prendre un rdv pour un toilettage canin a domicile n\u2019h\u00e9sitez pas \u00e0 me contacter par t\u00e9l\u00e9phone, vous ne pouvez pas appeler pour prendre rdv, veuillez utiliser le formulaire ci-dessous<\/p>\n\t\t\n<style>\n#text-3882971968 {\n  color: rgb(255,255,255);\n}\n#text-3882971968 > * {\n  color: rgb(255,255,255);\n}\n<\/style>\n\t<\/div>\n\t\n\n\t\t<\/div>\n\t\t\t\t\t<\/div>\n\n\t\n\n\t<div id=\"col-356899622\" class=\"col hide-for-small medium-6 small-12 large-7\"  >\n\t\t\t\t<div class=\"col-inner\"  >\n\t\t\t\n\t\t\t\n\n\n\t\t<\/div>\n\t\t\t\t\t<\/div>\n\n\t\n\n<\/div>\n\n\t\t<\/div>\n\n\t\t\n<style>\n#section_1029245457 {\n  padding-top: 40px;\n  padding-bottom: 40px;\n  background-color: #fabd6b;\n}\n<\/style>\n\t<\/section>\n\t\n<div class=\"row align-center\"  id=\"row-1709824792\">\n\n\n\t<div id=\"col-1686018322\" class=\"col small-12 large-12\"  >\n\t\t\t\t<div class=\"col-inner\"  >\n\t\t\t\n\t\t\t\n\n<div class=\"row\"  id=\"row-114314528\">\n\n\n\t<div id=\"col-771040046\" class=\"col medium-6 small-12 large-6\"  >\n\t\t\t\t<div class=\"col-inner\"  >\n\t\t\t\n\t\t\t\n\n\t<div id=\"text-4019770912\" class=\"text\">\n\t\t\n\n<h6 class=\"alt-font\">Demande de RDV<\/h6>\n<p>06 10 59 75 49<br \/>steph-millet@hotmail.fr<\/p>\n\t\t\n<style>\n#text-4019770912 {\n  font-size: 1rem;\n}\n<\/style>\n\t<\/div>\n\t\n\t<div id=\"text-203105843\" class=\"text\">\n\t\t\n\n<h6 class=\"alt-font\">Horaires<\/h6>\n<p>Du Mardi \u00a0au Vendredi : 9h &#8211; 17h<br \/>Samedi : 9h &#8211; 13h<\/p>\n\t\t\n<style>\n#text-203105843 {\n  font-size: 1rem;\n}\n<\/style>\n\t<\/div>\n\t\n\t<div id=\"text-897534378\" class=\"text\">\n\t\t\n\n<p>Moyen de paiement accept\u00e9 : esp\u00e8ces ou ch\u00e8ques<\/p>\n\t\t\n<style>\n#text-897534378 {\n  font-size: 1rem;\n}\n<\/style>\n\t<\/div>\n\t\n\n\t\t<\/div>\n\t\t\t\t\t<\/div>\n\n\t\n\n\t<div id=\"col-44576890\" class=\"col medium-6 small-12 large-6\"  >\n\t\t\t\t<div class=\"col-inner\"  >\n\t\t\t\n\t\t\t\n\n\t<div class=\"box has-hover   has-hover box-text-bottom\" >\n\n\t\t<div class=\"box-image\" >\n\t\t\t\t\t\t<div class=\"image-cover\" style=\"padding-top:70%;\">\n\t\t\t\t<img loading=\"lazy\" decoding=\"async\" width=\"2560\" height=\"2048\" src=\"https:\/\/animotoubo.fr\/wp-content\/uploads\/2023\/02\/vue-cote-personne-tenue-patte-chien-scaled.jpg\" class=\"attachment- size-\" alt=\"\" srcset=\"https:\/\/animotoubo.fr\/wp-content\/uploads\/2023\/02\/vue-cote-personne-tenue-patte-chien-scaled.jpg 2560w, https:\/\/animotoubo.fr\/wp-content\/uploads\/2023\/02\/vue-cote-personne-tenue-patte-chien-300x240.jpg 300w, https:\/\/animotoubo.fr\/wp-content\/uploads\/2023\/02\/vue-cote-personne-tenue-patte-chien-1024x819.jpg 1024w, https:\/\/animotoubo.fr\/wp-content\/uploads\/2023\/02\/vue-cote-personne-tenue-patte-chien-768x615.jpg 768w, https:\/\/animotoubo.fr\/wp-content\/uploads\/2023\/02\/vue-cote-personne-tenue-patte-chien-1536x1229.jpg 1536w, https:\/\/animotoubo.fr\/wp-content\/uploads\/2023\/02\/vue-cote-personne-tenue-patte-chien-2048x1639.jpg 2048w, https:\/\/animotoubo.fr\/wp-content\/uploads\/2023\/02\/vue-cote-personne-tenue-patte-chien-510x408.jpg 510w\" sizes=\"auto, (max-width: 2560px) 100vw, 2560px\" \/>\t\t\t\t\t\t\t\t\t\t\t<\/div>\n\t\t\t\t\t<\/div>\n\n\t\t<div class=\"box-text text-center\" style=\"padding:20px 0px 0px 0px;\">\n\t\t\t<div class=\"box-text-inner\">\n\t\t\t\t\n\n<div class=\"social-icons follow-icons full-width text-center\" style=\"font-size:80%\"><a href=\"https:\/\/www.facebook.com\/profile.php?id=61550290256742\" target=\"_blank\" data-label=\"Facebook\" class=\"icon primary button circle tooltip facebook\" title=\"Nous suivre sur Facebook\" aria-label=\"Nous suivre sur Facebook\" rel=\"noopener nofollow\"><i class=\"icon-facebook\" aria-hidden=\"true\"><\/i><\/a><\/div>\n\n\n\t\t\t<\/div>\n\t\t<\/div>\n\t<\/div>\n\t\n<p>Non assujetti a TVA ( possibilit\u00e9 d\u2019emettre une facture sans TVA)<br \/>Le toiletage se fait avec une assuarnce professionnelle dediee a cette activit\u00e9<\/p>\n\n\t\t<\/div>\n\t\t\t\t\n<style>\n#col-44576890 > .col-inner {\n  margin: 0px 0px 0px 0px;\n}\n@media (min-width:550px) {\n  #col-44576890 > .col-inner {\n    margin: -228px 0px 0px 0px;\n  }\n}\n<\/style>\n\t<\/div>\n\n\t\n\n<\/div>\n\n\t\t<\/div>\n\t\t\t\t\n<style>\n#col-1686018322 > .col-inner {\n  margin: 0px 0px 0px 0px;\n}\n<\/style>\n\t<\/div>\n\n\t\n\n<\/div>\n\n\t<section class=\"section\" id=\"section_976884367\">\n\t\t<div class=\"section-bg fill\" >\n\t\t\t\t\t\t\t\t\t\n\t\t\t\n\t<div class=\"is-border\"\n\t\tstyle=\"border-color:rgb(235, 235, 235);border-width:1px 1px 1px 1px;\">\n\t<\/div>\n\n\t\t<\/div>\n\n\t\t\n\n\t\t<div class=\"section-content relative\">\n\t\t\t\n\n<div class=\"row row-large\"  id=\"row-1975253203\">\n\n\n\t<div id=\"col-342513560\" class=\"col medium-6 small-12 large-6\"  >\n\t\t\t\t<div class=\"col-inner\"  >\n\t\t\t\n\t\t\t\n\n\n<div class=\"wpcf7 no-js\" id=\"wpcf7-f54-o1\" lang=\"en-US\" dir=\"ltr\" data-wpcf7-id=\"54\">\n<div class=\"screen-reader-response\"><p role=\"status\" aria-live=\"polite\" aria-atomic=\"true\"><\/p> <ul><\/ul><\/div>\n<form action=\"\/index.php\/wp-json\/wp\/v2\/pages\/45#wpcf7-f54-o1\" method=\"post\" class=\"wpcf7-form init\" aria-label=\"Contact form\" novalidate=\"novalidate\" data-status=\"init\">\n<fieldset class=\"hidden-fields-container\"><input type=\"hidden\" name=\"_wpcf7\" value=\"54\" \/><input type=\"hidden\" name=\"_wpcf7_version\" value=\"6.1.1\" \/><input type=\"hidden\" name=\"_wpcf7_locale\" value=\"en_US\" \/><input type=\"hidden\" name=\"_wpcf7_unit_tag\" value=\"wpcf7-f54-o1\" \/><input type=\"hidden\" name=\"_wpcf7_container_post\" value=\"0\" \/><input type=\"hidden\" name=\"_wpcf7_posted_data_hash\" value=\"\" \/><input type=\"hidden\" name=\"_wpcf7_recaptcha_response\" value=\"\" \/>\n<\/fieldset>\n<p><label> Votre nom<br \/>\n<span class=\"wpcf7-form-control-wrap\" data-name=\"your-name\"><input size=\"40\" maxlength=\"400\" class=\"wpcf7-form-control wpcf7-text wpcf7-validates-as-required\" autocomplete=\"name\" aria-required=\"true\" aria-invalid=\"false\" value=\"\" type=\"text\" name=\"your-name\" \/><\/span> <\/label>\n<\/p>\n<p><label> Votre e-mail<br \/>\n<span class=\"wpcf7-form-control-wrap\" data-name=\"your-email\"><input size=\"40\" maxlength=\"400\" class=\"wpcf7-form-control wpcf7-email wpcf7-validates-as-required wpcf7-text wpcf7-validates-as-email\" autocomplete=\"email\" aria-required=\"true\" aria-invalid=\"false\" value=\"\" type=\"email\" name=\"your-email\" \/><\/span> <\/label>\n<\/p>\n<p><label> Date et heure de RDV souhait\u00e9e<br \/>\n<span class=\"wpcf7-form-control-wrap\" data-name=\"your-subject\"><input size=\"40\" maxlength=\"400\" class=\"wpcf7-form-control wpcf7-text wpcf7-validates-as-required\" aria-required=\"true\" aria-invalid=\"false\" value=\"\" type=\"text\" name=\"your-subject\" \/><\/span> <\/label>\n<\/p>\n<p><label> Pr\u00e9nom \u2013 \u00e2ge \u2013 race et poids de l\u2019animal<br \/>\n<span class=\"wpcf7-form-control-wrap\" data-name=\"your-subject\"><input size=\"40\" maxlength=\"400\" class=\"wpcf7-form-control wpcf7-text wpcf7-validates-as-required\" aria-required=\"true\" aria-invalid=\"false\" value=\"\" type=\"text\" name=\"your-subject\" \/><\/span> <\/label>\n<\/p>\n<p><label> Votre message (facultatif)<br \/>\n<span class=\"wpcf7-form-control-wrap\" data-name=\"your-message\"><textarea cols=\"40\" rows=\"10\" maxlength=\"2000\" class=\"wpcf7-form-control wpcf7-textarea\" aria-invalid=\"false\" name=\"your-message\"><\/textarea><\/span> <\/label>\n<\/p>\n<p><input class=\"wpcf7-form-control wpcf7-submit has-spinner\" type=\"submit\" value=\"Envoyer\" \/>\n<\/p><p style=\"display: none !important;\" class=\"akismet-fields-container\" data-prefix=\"_wpcf7_ak_\"><label>&#916;<textarea name=\"_wpcf7_ak_hp_textarea\" cols=\"45\" rows=\"8\" maxlength=\"100\"><\/textarea><\/label><input type=\"hidden\" id=\"ak_js_1\" name=\"_wpcf7_ak_js\" value=\"38\"\/><script>document.getElementById( \"ak_js_1\" ).setAttribute( \"value\", ( new Date() ).getTime() );<\/script><\/p><div class=\"wpcf7-response-output\" aria-hidden=\"true\"><\/div>\n<\/form>\n<\/div>\n\n\n\t\t<\/div>\n\t\t\t\t\n<style>\n#col-342513560 > .col-inner {\n  margin: -26px 0px 0px 0px;\n}\n<\/style>\n\t<\/div>\n\n\t\n\n\t<div id=\"col-177133096\" class=\"col medium-6 small-12 large-6\"  >\n\t\t\t\t<div class=\"col-inner\"  >\n\t\t\t\n\t\t\t\n\n\n\n<iframe src=\"https:\/\/www.google.com\/maps\/embed?pb=!1m18!1m12!1m3!1d2896.698506578482!2d3.7540868116742803!3d43.446012370992186!2m3!1f0!2f0!3f0!3m2!1i1024!2i768!4f13.1!3m3!1m2!1s0x12b6b5ba0e713b09%3A0x6d6ad40e77165743!2sAnimo%20Toubo%20toilettage%20canin!5e0!3m2!1sfr!2sfr!4v1713963724263!5m2!1sfr!2sfr\" width=\"600\" height=\"450\" style=\"border:0;\" allowfullscreen=\"\" loading=\"lazy\" referrerpolicy=\"no-referrer-when-downgrade\"><\/iframe>\n\n\n\t\t<\/div>\n\t\t\t\t\n<style>\n#col-177133096 > .col-inner {\n  margin: -24px 0px 0px 0px;\n}\n<\/style>\n\t<\/div>\n\n\t\n\n\n<style>\n#row-1975253203 > .col > .col-inner {\n  padding: 10px 10px 10px 10px;\n}\n@media (min-width:550px) {\n  #row-1975253203 > .col > .col-inner {\n    padding: 30px 30px 0 30px;\n  }\n}\n<\/style>\n<\/div>\n\n\t\t<\/div>\n\n\t\t\n<style>\n#section_976884367 {\n  padding-top: 0px;\n  padding-bottom: 0px;\n}\n<\/style>\n\t<\/section>\n\t\n\n","protected":false},"excerpt":{"rendered":"","protected":false},"author":1,"featured_media":0,"parent":0,"menu_order":0,"comment_status":"closed","ping_status":"closed","template":"","meta":{"footnotes":""},"class_list":["post-45","page","type-page","status-publish","hentry"],"yoast_head":"<!-- This site is optimized with the Yoast SEO plugin v25.9 - https:\/\/yoast.com\/wordpress\/plugins\/seo\/ -->\n<title>Contact - Animo Toubo<\/title>\n<meta name=\"robots\" content=\"index, follow, max-snippet:-1, max-image-preview:large, max-video-preview:-1\" \/>\n<link rel=\"canonical\" href=\"https:\/\/animotoubo.fr\/index.php\/contact\/\" \/>\n<meta property=\"og:locale\" content=\"fr_FR\" \/>\n<meta property=\"og:type\" content=\"article\" \/>\n<meta property=\"og:title\" content=\"Contact - Animo Toubo\" \/>\n<meta property=\"og:url\" content=\"https:\/\/animotoubo.fr\/index.php\/contact\/\" \/>\n<meta property=\"og:site_name\" content=\"Animo Toubo\" \/>\n<meta property=\"article:publisher\" content=\"https:\/\/www.facebook.com\/profile.php?id=100089803214746\" \/>\n<meta property=\"article:modified_time\" content=\"2025-09-12T08:17:04+00:00\" \/>\n<meta name=\"twitter:card\" content=\"summary_large_image\" \/>\n<meta name=\"twitter:label1\" content=\"Dur\u00e9e de lecture estim\u00e9e\" \/>\n\t<meta name=\"twitter:data1\" content=\"1 minute\" \/>\n<script type=\"application\/ld+json\" class=\"yoast-schema-graph\">{\"@context\":\"https:\/\/schema.org\",\"@graph\":[{\"@type\":\"WebPage\",\"@id\":\"https:\/\/animotoubo.fr\/index.php\/contact\/\",\"url\":\"https:\/\/animotoubo.fr\/index.php\/contact\/\",\"name\":\"Contact - Animo Toubo\",\"isPartOf\":{\"@id\":\"https:\/\/animotoubo.fr\/#website\"},\"datePublished\":\"2023-02-23T15:24:06+00:00\",\"dateModified\":\"2025-09-12T08:17:04+00:00\",\"breadcrumb\":{\"@id\":\"https:\/\/animotoubo.fr\/index.php\/contact\/#breadcrumb\"},\"inLanguage\":\"fr-FR\",\"potentialAction\":[{\"@type\":\"ReadAction\",\"target\":[\"https:\/\/animotoubo.fr\/index.php\/contact\/\"]}]},{\"@type\":\"BreadcrumbList\",\"@id\":\"https:\/\/animotoubo.fr\/index.php\/contact\/#breadcrumb\",\"itemListElement\":[{\"@type\":\"ListItem\",\"position\":1,\"name\":\"Accueil\",\"item\":\"https:\/\/animotoubo.fr\/\"},{\"@type\":\"ListItem\",\"position\":2,\"name\":\"Contact\"}]},{\"@type\":\"WebSite\",\"@id\":\"https:\/\/animotoubo.fr\/#website\",\"url\":\"https:\/\/animotoubo.fr\/\",\"name\":\"Animo Toubo\",\"description\":\"Toilettage Canin\",\"publisher\":{\"@id\":\"https:\/\/animotoubo.fr\/#organization\"},\"potentialAction\":[{\"@type\":\"SearchAction\",\"target\":{\"@type\":\"EntryPoint\",\"urlTemplate\":\"https:\/\/animotoubo.fr\/?s={search_term_string}\"},\"query-input\":{\"@type\":\"PropertyValueSpecification\",\"valueRequired\":true,\"valueName\":\"search_term_string\"}}],\"inLanguage\":\"fr-FR\"},{\"@type\":\"Organization\",\"@id\":\"https:\/\/animotoubo.fr\/#organization\",\"name\":\"Animo Toubo\",\"url\":\"https:\/\/animotoubo.fr\/\",\"logo\":{\"@type\":\"ImageObject\",\"inLanguage\":\"fr-FR\",\"@id\":\"https:\/\/animotoubo.fr\/#\/schema\/logo\/image\/\",\"url\":\"http:\/\/animotoubo.fr\/wp-content\/uploads\/2023\/02\/Plan-de-travail-1.png\",\"contentUrl\":\"http:\/\/animotoubo.fr\/wp-content\/uploads\/2023\/02\/Plan-de-travail-1.png\",\"width\":596,\"height\":592,\"caption\":\"Animo Toubo\"},\"image\":{\"@id\":\"https:\/\/animotoubo.fr\/#\/schema\/logo\/image\/\"},\"sameAs\":[\"https:\/\/www.facebook.com\/profile.php?id=100089803214746\"]}]}<\/script>\n<!-- \/ Yoast SEO plugin. -->","yoast_head_json":{"title":"Contact - Animo Toubo","robots":{"index":"index","follow":"follow","max-snippet":"max-snippet:-1","max-image-preview":"max-image-preview:large","max-video-preview":"max-video-preview:-1"},"canonical":"https:\/\/animotoubo.fr\/index.php\/contact\/","og_locale":"fr_FR","og_type":"article","og_title":"Contact - Animo Toubo","og_url":"https:\/\/animotoubo.fr\/index.php\/contact\/","og_site_name":"Animo Toubo","article_publisher":"https:\/\/www.facebook.com\/profile.php?id=100089803214746","article_modified_time":"2025-09-12T08:17:04+00:00","twitter_card":"summary_large_image","twitter_misc":{"Dur\u00e9e de lecture estim\u00e9e":"1 minute"},"schema":{"@context":"https:\/\/schema.org","@graph":[{"@type":"WebPage","@id":"https:\/\/animotoubo.fr\/index.php\/contact\/","url":"https:\/\/animotoubo.fr\/index.php\/contact\/","name":"Contact - Animo Toubo","isPartOf":{"@id":"https:\/\/animotoubo.fr\/#website"},"datePublished":"2023-02-23T15:24:06+00:00","dateModified":"2025-09-12T08:17:04+00:00","breadcrumb":{"@id":"https:\/\/animotoubo.fr\/index.php\/contact\/#breadcrumb"},"inLanguage":"fr-FR","potentialAction":[{"@type":"ReadAction","target":["https:\/\/animotoubo.fr\/index.php\/contact\/"]}]},{"@type":"BreadcrumbList","@id":"https:\/\/animotoubo.fr\/index.php\/contact\/#breadcrumb","itemListElement":[{"@type":"ListItem","position":1,"name":"Accueil","item":"https:\/\/animotoubo.fr\/"},{"@type":"ListItem","position":2,"name":"Contact"}]},{"@type":"WebSite","@id":"https:\/\/animotoubo.fr\/#website","url":"https:\/\/animotoubo.fr\/","name":"Animo Toubo","description":"Toilettage Canin","publisher":{"@id":"https:\/\/animotoubo.fr\/#organization"},"potentialAction":[{"@type":"SearchAction","target":{"@type":"EntryPoint","urlTemplate":"https:\/\/animotoubo.fr\/?s={search_term_string}"},"query-input":{"@type":"PropertyValueSpecification","valueRequired":true,"valueName":"search_term_string"}}],"inLanguage":"fr-FR"},{"@type":"Organization","@id":"https:\/\/animotoubo.fr\/#organization","name":"Animo Toubo","url":"https:\/\/animotoubo.fr\/","logo":{"@type":"ImageObject","inLanguage":"fr-FR","@id":"https:\/\/animotoubo.fr\/#\/schema\/logo\/image\/","url":"http:\/\/animotoubo.fr\/wp-content\/uploads\/2023\/02\/Plan-de-travail-1.png","contentUrl":"http:\/\/animotoubo.fr\/wp-content\/uploads\/2023\/02\/Plan-de-travail-1.png","width":596,"height":592,"caption":"Animo Toubo"},"image":{"@id":"https:\/\/animotoubo.fr\/#\/schema\/logo\/image\/"},"sameAs":["https:\/\/www.facebook.com\/profile.php?id=100089803214746"]}]}},"_links":{"self":[{"href":"https:\/\/animotoubo.fr\/index.php\/wp-json\/wp\/v2\/pages\/45","targetHints":{"allow":["GET"]}}],"collection":[{"href":"https:\/\/animotoubo.fr\/index.php\/wp-json\/wp\/v2\/pages"}],"about":[{"href":"https:\/\/animotoubo.fr\/index.php\/wp-json\/wp\/v2\/types\/page"}],"author":[{"embeddable":true,"href":"https:\/\/animotoubo.fr\/index.php\/wp-json\/wp\/v2\/users\/1"}],"replies":[{"embeddable":true,"href":"https:\/\/animotoubo.fr\/index.php\/wp-json\/wp\/v2\/comments?post=45"}],"version-history":[{"count":31,"href":"https:\/\/animotoubo.fr\/index.php\/wp-json\/wp\/v2\/pages\/45\/revisions"}],"predecessor-version":[{"id":278,"href":"https:\/\/animotoubo.fr\/index.php\/wp-json\/wp\/v2\/pages\/45\/revisions\/278"}],"wp:attachment":[{"href":"https:\/\/animotoubo.fr\/index.php\/wp-json\/wp\/v2\/media?parent=45"}],"curies":[{"name":"wp","href":"https:\/\/api.w.org\/{rel}","templated":true}]}}